




{"id":3542,"date":"2014-09-06T14:42:30","date_gmt":"2014-09-06T18:42:30","guid":{"rendered":"https:\/\/legacybookpublishing.com\/?post_type=product&#038;p=3542"},"modified":"2014-10-14T07:28:50","modified_gmt":"2014-10-14T11:28:50","slug":"baseball-hidden-truths-spanish","status":"publish","type":"product","link":"https:\/\/www.legacybookpublishing.com\/prime\/product\/baseball-hidden-truths-spanish\/","title":{"rendered":"Baseball Hidden Truths Spanish"},"content":{"rendered":"<p>Nadie podr\u00eda argumentar contra el hecho de que los medios de comunicaci\u00f3n han jugado un papel importante en la forma en que la mayor\u00eda de nosotros los fan\u00e1ticos de beisbol pensamos sobre el deporte y los hechos que entendemos como verdades, pero \u00bfqu\u00e9 si los medios de comunicaci\u00f3n no siempre nos dan toda la verdad o nos dan s\u00f3lo verdades a medias? Con raz\u00f3n tenemos tantas opiniones diferentes y pensamos de maneras diferentes. Por ejemplo, recibir el premio al Jugador M\u00e1s Valioso es el mayor honor que un jugador puede recibir al final de cada temporada, pero \u00bfva el premio realmente al candidato con mayores m\u00e9ritos?<\/p>\n<p>B\u00e9isbol: Verdades Ocultas aborda algunas de las preguntas m\u00e1s intrigantes que rodean el mundo del b\u00e9isbol:<\/p>\n<p>\u00bfPor qu\u00e9 est\u00e1 el m\u00e9todo utilizado por la Asociaci\u00f3n de Cronistas de B\u00e9isbol de Am\u00e9rica cambiando de a\u00f1o en a\u00f1o en la adjudicaci\u00f3n al Jugador M\u00e1s Valioso (MVP)? \u00bfQu\u00e9 es lo que realmente valoran al dar el premio?<\/p>\n<p>\u00bfQui\u00e9n es el mejor lanzador de todos los tiempos y c\u00f3mo determinamos<br \/>\nqui\u00e9n debe ser ese lanzador?<\/p>\n<p>\u00bfQui\u00e9n es el mejor jugador de b\u00e9isbol de todos los tiempos y qu\u00e9 criterio se debe usar para determinar<br \/>\nqui\u00e9n ser\u00eda ese jugador?<\/p>\n<p>\u00bfPor qu\u00e9 deber\u00eda la estad\u00edstica conocida como carrera anotada tener m\u00e1s valor y ser m\u00e1s importante que la estad\u00edstica conocida como carrera impulsada (CI), cuando determinamos la calidad de los jugadores?<\/p>\n<p>\u00bfC\u00f3mo afectan los esteroides realmente el rendimiento de los jugadores y cu\u00e1l es la consecuencia para esto jugadores en cuanto a c\u00f3mo se deben clasificar en las listas de todos los tiempos?<\/p>\n<div class='kindleWidget kindleLight' ><img src=\"https:\/\/www.legacybookpublishing.com\/prime\/wp-content\/plugins\/send-to-kindle\/media\/white-15.png\" \/><span>Send to Kindle<\/span><\/div>","protected":false},"excerpt":{"rendered":"<p>Nadie podr\u00eda argumentar contra el hecho de que los medios de comunicaci\u00f3n han jugado un papel importante en la forma en que la mayor\u00eda de nosotros los fan\u00e1ticos de beisbol pensamos sobre el deporte y los hechos que entendemos como verdades, pero \u00bfqu\u00e9 si los medios de comunicaci\u00f3n no siempre nos dan toda la verdad o nos dan s\u00f3lo verdades a medias? Con raz\u00f3n tenemos tantas opiniones diferentes y pensamos de maneras diferentes. Por ejemplo, recibir el premio al Jugador M\u00e1s Valioso es el mayor honor que un jugador puede recibir al final de cada temporada, pero \u00bfva el premio realmente al candidato con mayores m\u00e9ritos?<\/p>\n","protected":false},"featured_media":3543,"comment_status":"closed","ping_status":"closed","template":"","meta":{"_mi_skip_tracking":false,"_exactmetrics_sitenote_active":false,"_exactmetrics_sitenote_note":"","_exactmetrics_sitenote_category":0},"product_cat":[125],"product_tag":[],"yoast_head":"<!-- This site is optimized with the Yoast SEO plugin v20.6 - https:\/\/yoast.com\/wordpress\/plugins\/seo\/ -->\n<title>Baseball Hidden Truths Spanish - Legacy Book Publishing<\/title>\n<meta name=\"robots\" content=\"index, follow, max-snippet:-1, max-image-preview:large, max-video-preview:-1\" \/>\n<link rel=\"canonical\" href=\"https:\/\/www.legacybookpublishing.com\/prime\/product\/baseball-hidden-truths-spanish\/\" \/>\n<meta name=\"twitter:label1\" content=\"Est. reading time\" \/>\n\t<meta name=\"twitter:data1\" content=\"1 minute\" \/>\n<script type=\"application\/ld+json\" class=\"yoast-schema-graph\">{\"@context\":\"https:\/\/schema.org\",\"@graph\":[{\"@type\":\"WebPage\",\"@id\":\"https:\/\/www.legacybookpublishing.com\/prime\/product\/baseball-hidden-truths-spanish\/\",\"url\":\"https:\/\/www.legacybookpublishing.com\/prime\/product\/baseball-hidden-truths-spanish\/\",\"name\":\"Baseball Hidden Truths Spanish - Legacy Book Publishing\",\"isPartOf\":{\"@id\":\"https:\/\/www.legacybookpublishing.com\/prime\/#website\"},\"datePublished\":\"2014-09-06T18:42:30+00:00\",\"dateModified\":\"2014-10-14T11:28:50+00:00\",\"breadcrumb\":{\"@id\":\"https:\/\/www.legacybookpublishing.com\/prime\/product\/baseball-hidden-truths-spanish\/#breadcrumb\"},\"inLanguage\":\"en-US\",\"potentialAction\":[{\"@type\":\"ReadAction\",\"target\":[\"https:\/\/www.legacybookpublishing.com\/prime\/product\/baseball-hidden-truths-spanish\/\"]}]},{\"@type\":\"BreadcrumbList\",\"@id\":\"https:\/\/www.legacybookpublishing.com\/prime\/product\/baseball-hidden-truths-spanish\/#breadcrumb\",\"itemListElement\":[{\"@type\":\"ListItem\",\"position\":1,\"name\":\"Home\",\"item\":\"https:\/\/www.legacybookpublishing.com\/prime\/\"},{\"@type\":\"ListItem\",\"position\":2,\"name\":\"Shop\",\"item\":\"https:\/\/www.legacybookpublishing.com\/prime\/shop\/\"},{\"@type\":\"ListItem\",\"position\":3,\"name\":\"Baseball Hidden Truths Spanish\"}]},{\"@type\":\"WebSite\",\"@id\":\"https:\/\/www.legacybookpublishing.com\/prime\/#website\",\"url\":\"https:\/\/www.legacybookpublishing.com\/prime\/\",\"name\":\"Legacy Book Publishing\",\"description\":\"\",\"potentialAction\":[{\"@type\":\"SearchAction\",\"target\":{\"@type\":\"EntryPoint\",\"urlTemplate\":\"https:\/\/www.legacybookpublishing.com\/prime\/?s={search_term_string}\"},\"query-input\":\"required name=search_term_string\"}],\"inLanguage\":\"en-US\"}]}<\/script>\n<!-- \/ Yoast SEO plugin. -->","yoast_head_json":{"title":"Baseball Hidden Truths Spanish - Legacy Book Publishing","robots":{"index":"index","follow":"follow","max-snippet":"max-snippet:-1","max-image-preview":"max-image-preview:large","max-video-preview":"max-video-preview:-1"},"canonical":"https:\/\/www.legacybookpublishing.com\/prime\/product\/baseball-hidden-truths-spanish\/","twitter_misc":{"Est. reading time":"1 minute"},"schema":{"@context":"https:\/\/schema.org","@graph":[{"@type":"WebPage","@id":"https:\/\/www.legacybookpublishing.com\/prime\/product\/baseball-hidden-truths-spanish\/","url":"https:\/\/www.legacybookpublishing.com\/prime\/product\/baseball-hidden-truths-spanish\/","name":"Baseball Hidden Truths Spanish - Legacy Book Publishing","isPartOf":{"@id":"https:\/\/www.legacybookpublishing.com\/prime\/#website"},"datePublished":"2014-09-06T18:42:30+00:00","dateModified":"2014-10-14T11:28:50+00:00","breadcrumb":{"@id":"https:\/\/www.legacybookpublishing.com\/prime\/product\/baseball-hidden-truths-spanish\/#breadcrumb"},"inLanguage":"en-US","potentialAction":[{"@type":"ReadAction","target":["https:\/\/www.legacybookpublishing.com\/prime\/product\/baseball-hidden-truths-spanish\/"]}]},{"@type":"BreadcrumbList","@id":"https:\/\/www.legacybookpublishing.com\/prime\/product\/baseball-hidden-truths-spanish\/#breadcrumb","itemListElement":[{"@type":"ListItem","position":1,"name":"Home","item":"https:\/\/www.legacybookpublishing.com\/prime\/"},{"@type":"ListItem","position":2,"name":"Shop","item":"https:\/\/www.legacybookpublishing.com\/prime\/shop\/"},{"@type":"ListItem","position":3,"name":"Baseball Hidden Truths Spanish"}]},{"@type":"WebSite","@id":"https:\/\/www.legacybookpublishing.com\/prime\/#website","url":"https:\/\/www.legacybookpublishing.com\/prime\/","name":"Legacy Book Publishing","description":"","potentialAction":[{"@type":"SearchAction","target":{"@type":"EntryPoint","urlTemplate":"https:\/\/www.legacybookpublishing.com\/prime\/?s={search_term_string}"},"query-input":"required name=search_term_string"}],"inLanguage":"en-US"}]}},"_links":{"self":[{"href":"https:\/\/www.legacybookpublishing.com\/prime\/wp-json\/wp\/v3\/product\/3542"}],"collection":[{"href":"https:\/\/www.legacybookpublishing.com\/prime\/wp-json\/wp\/v3\/product"}],"about":[{"href":"https:\/\/www.legacybookpublishing.com\/prime\/wp-json\/wp\/v2\/types\/product"}],"replies":[{"embeddable":true,"href":"https:\/\/www.legacybookpublishing.com\/prime\/wp-json\/wp\/v2\/comments?post=3542"}],"wp:featuredmedia":[{"embeddable":true,"href":"https:\/\/www.legacybookpublishing.com\/prime\/wp-json\/wp\/v2\/media\/3543"}],"wp:attachment":[{"href":"https:\/\/www.legacybookpublishing.com\/prime\/wp-json\/wp\/v2\/media?parent=3542"}],"wp:term":[{"taxonomy":"product_cat","embeddable":true,"href":"https:\/\/www.legacybookpublishing.com\/prime\/wp-json\/wp\/v2\/product_cat?post=3542"},{"taxonomy":"product_tag","embeddable":true,"href":"https:\/\/www.legacybookpublishing.com\/prime\/wp-json\/wp\/v2\/product_tag?post=3542"}],"curies":[{"name":"wp","href":"https:\/\/api.w.org\/{rel}","templated":true}]}}