




{"id":4249,"date":"2019-07-18T13:16:51","date_gmt":"2019-07-18T17:16:51","guid":{"rendered":"https:\/\/www.legacybookpublishing.com\/prime\/?post_type=product&#038;p=4249"},"modified":"2022-10-22T08:22:55","modified_gmt":"2022-10-22T08:22:55","slug":"taco-julie-un-taco-para-julie","status":"publish","type":"product","link":"https:\/\/www.legacybookpublishing.com\/prime\/product\/taco-julie-un-taco-para-julie\/","title":{"rendered":"A Taco For Julie\/Un Taco Para  Julie"},"content":{"rendered":"<div class='kindleWidget kindleLight' ><img src=\"https:\/\/www.legacybookpublishing.com\/prime\/wp-content\/plugins\/send-to-kindle\/media\/white-15.png\" \/><span>Send to Kindle<\/span><\/div>","protected":false},"excerpt":{"rendered":"<p>Meet Taco, a fun-loving Chihuahua puppy, who is growing and discovering the world around her, but she\u2019s not an ordinary puppy\u2014she\u2019s special. She is training to be an emotional support therapy dog by spreading joy and love to others in need. Follow Taco\u2019s journey (in English and Spanish) as she proves that loving others is universal.<\/p>\n<p>Te presento a Taco, una perrita Chihuahua amante a la diversi\u00f3n que est\u00e1 creciendo y descubriendo al mundo que la rodea. Ella no es una perrita cualquiera \u2014 ella es muy especial. Ella est\u00e1 entren\u00e1ndose para ser una mascota de terapia de apoyo emocional y as\u00ed difundir alegr\u00eda y amor a personas necesitadas. Puedes seguir a Taco en su traves\u00eda (en ingl\u00e9s y espa\u00f1ol) mientras va demostrando a los dem\u00e1s que el amor es universal.<\/p>\n","protected":false},"featured_media":4251,"comment_status":"open","ping_status":"closed","template":"","meta":{"_mi_skip_tracking":false,"_exactmetrics_sitenote_active":false,"_exactmetrics_sitenote_note":"","_exactmetrics_sitenote_category":0},"product_cat":[127],"product_tag":[441,431,440,379,372,443,430,439,442],"yoast_head":"<!-- This site is optimized with the Yoast SEO plugin v20.6 - https:\/\/yoast.com\/wordpress\/plugins\/seo\/ -->\n<title>A Taco For Julie\/Un Taco Para Julie - Legacy Book Publishing<\/title>\n<meta name=\"robots\" content=\"index, follow, max-snippet:-1, max-image-preview:large, max-video-preview:-1\" \/>\n<link rel=\"canonical\" href=\"https:\/\/www.legacybookpublishing.com\/prime\/product\/taco-julie-un-taco-para-julie\/\" \/>\n<script type=\"application\/ld+json\" class=\"yoast-schema-graph\">{\"@context\":\"https:\/\/schema.org\",\"@graph\":[{\"@type\":\"WebPage\",\"@id\":\"https:\/\/www.legacybookpublishing.com\/prime\/product\/taco-julie-un-taco-para-julie\/\",\"url\":\"https:\/\/www.legacybookpublishing.com\/prime\/product\/taco-julie-un-taco-para-julie\/\",\"name\":\"A Taco For Julie\/Un Taco Para Julie - Legacy Book Publishing\",\"isPartOf\":{\"@id\":\"https:\/\/www.legacybookpublishing.com\/prime\/#website\"},\"datePublished\":\"2019-07-18T17:16:51+00:00\",\"dateModified\":\"2022-10-22T08:22:55+00:00\",\"breadcrumb\":{\"@id\":\"https:\/\/www.legacybookpublishing.com\/prime\/product\/taco-julie-un-taco-para-julie\/#breadcrumb\"},\"inLanguage\":\"en-US\",\"potentialAction\":[{\"@type\":\"ReadAction\",\"target\":[\"https:\/\/www.legacybookpublishing.com\/prime\/product\/taco-julie-un-taco-para-julie\/\"]}]},{\"@type\":\"BreadcrumbList\",\"@id\":\"https:\/\/www.legacybookpublishing.com\/prime\/product\/taco-julie-un-taco-para-julie\/#breadcrumb\",\"itemListElement\":[{\"@type\":\"ListItem\",\"position\":1,\"name\":\"Home\",\"item\":\"https:\/\/www.legacybookpublishing.com\/prime\/\"},{\"@type\":\"ListItem\",\"position\":2,\"name\":\"Shop\",\"item\":\"https:\/\/www.legacybookpublishing.com\/prime\/shop\/\"},{\"@type\":\"ListItem\",\"position\":3,\"name\":\"A Taco For Julie\/Un Taco Para Julie\"}]},{\"@type\":\"WebSite\",\"@id\":\"https:\/\/www.legacybookpublishing.com\/prime\/#website\",\"url\":\"https:\/\/www.legacybookpublishing.com\/prime\/\",\"name\":\"Legacy Book Publishing\",\"description\":\"\",\"potentialAction\":[{\"@type\":\"SearchAction\",\"target\":{\"@type\":\"EntryPoint\",\"urlTemplate\":\"https:\/\/www.legacybookpublishing.com\/prime\/?s={search_term_string}\"},\"query-input\":\"required name=search_term_string\"}],\"inLanguage\":\"en-US\"}]}<\/script>\n<!-- \/ Yoast SEO plugin. -->","yoast_head_json":{"title":"A Taco For Julie\/Un Taco Para Julie - Legacy Book Publishing","robots":{"index":"index","follow":"follow","max-snippet":"max-snippet:-1","max-image-preview":"max-image-preview:large","max-video-preview":"max-video-preview:-1"},"canonical":"https:\/\/www.legacybookpublishing.com\/prime\/product\/taco-julie-un-taco-para-julie\/","schema":{"@context":"https:\/\/schema.org","@graph":[{"@type":"WebPage","@id":"https:\/\/www.legacybookpublishing.com\/prime\/product\/taco-julie-un-taco-para-julie\/","url":"https:\/\/www.legacybookpublishing.com\/prime\/product\/taco-julie-un-taco-para-julie\/","name":"A Taco For Julie\/Un Taco Para Julie - Legacy Book Publishing","isPartOf":{"@id":"https:\/\/www.legacybookpublishing.com\/prime\/#website"},"datePublished":"2019-07-18T17:16:51+00:00","dateModified":"2022-10-22T08:22:55+00:00","breadcrumb":{"@id":"https:\/\/www.legacybookpublishing.com\/prime\/product\/taco-julie-un-taco-para-julie\/#breadcrumb"},"inLanguage":"en-US","potentialAction":[{"@type":"ReadAction","target":["https:\/\/www.legacybookpublishing.com\/prime\/product\/taco-julie-un-taco-para-julie\/"]}]},{"@type":"BreadcrumbList","@id":"https:\/\/www.legacybookpublishing.com\/prime\/product\/taco-julie-un-taco-para-julie\/#breadcrumb","itemListElement":[{"@type":"ListItem","position":1,"name":"Home","item":"https:\/\/www.legacybookpublishing.com\/prime\/"},{"@type":"ListItem","position":2,"name":"Shop","item":"https:\/\/www.legacybookpublishing.com\/prime\/shop\/"},{"@type":"ListItem","position":3,"name":"A Taco For Julie\/Un Taco Para Julie"}]},{"@type":"WebSite","@id":"https:\/\/www.legacybookpublishing.com\/prime\/#website","url":"https:\/\/www.legacybookpublishing.com\/prime\/","name":"Legacy Book Publishing","description":"","potentialAction":[{"@type":"SearchAction","target":{"@type":"EntryPoint","urlTemplate":"https:\/\/www.legacybookpublishing.com\/prime\/?s={search_term_string}"},"query-input":"required name=search_term_string"}],"inLanguage":"en-US"}]}},"_links":{"self":[{"href":"https:\/\/www.legacybookpublishing.com\/prime\/wp-json\/wp\/v3\/product\/4249"}],"collection":[{"href":"https:\/\/www.legacybookpublishing.com\/prime\/wp-json\/wp\/v3\/product"}],"about":[{"href":"https:\/\/www.legacybookpublishing.com\/prime\/wp-json\/wp\/v2\/types\/product"}],"replies":[{"embeddable":true,"href":"https:\/\/www.legacybookpublishing.com\/prime\/wp-json\/wp\/v2\/comments?post=4249"}],"wp:featuredmedia":[{"embeddable":true,"href":"https:\/\/www.legacybookpublishing.com\/prime\/wp-json\/wp\/v2\/media\/4251"}],"wp:attachment":[{"href":"https:\/\/www.legacybookpublishing.com\/prime\/wp-json\/wp\/v2\/media?parent=4249"}],"wp:term":[{"taxonomy":"product_cat","embeddable":true,"href":"https:\/\/www.legacybookpublishing.com\/prime\/wp-json\/wp\/v2\/product_cat?post=4249"},{"taxonomy":"product_tag","embeddable":true,"href":"https:\/\/www.legacybookpublishing.com\/prime\/wp-json\/wp\/v2\/product_tag?post=4249"}],"curies":[{"name":"wp","href":"https:\/\/api.w.org\/{rel}","templated":true}]}}