




{"id":4252,"date":"2019-07-18T13:31:46","date_gmt":"2019-07-18T17:31:46","guid":{"rendered":"https:\/\/www.legacybookpublishing.com\/prime\/?post_type=product&#038;p=4252"},"modified":"2024-12-03T10:23:57","modified_gmt":"2024-12-03T10:23:57","slug":"lambs-book-life-el-libro-de-la-vida-del-cordero","status":"publish","type":"product","link":"https:\/\/www.legacybookpublishing.com\/prime\/product\/lambs-book-life-el-libro-de-la-vida-del-cordero\/","title":{"rendered":"Lamb&#8217;s Book of Life\/El Libro de la Vida del Cordero"},"content":{"rendered":"<div class='kindleWidget kindleLight' ><img src=\"https:\/\/www.legacybookpublishing.com\/prime\/wp-content\/plugins\/send-to-kindle\/media\/white-15.png\" \/><span>Send to Kindle<\/span><\/div>","protected":false},"excerpt":{"rendered":"<p>Rev. Carmencita Vale is a minister of God with vast experience in missions, especially to the prisons where God called her. She has traveled through different parts of the world preaching the gospel to all of us, thus fulfilling the mission that Jesus Christ told us: \u201cGo into all the world and preach the gospel to all creation\u201d (Mark 16:15NIV).<br \/>\nThis book you are about to read will be a blessing to your life. It answers some of your questions about Heaven, Hell, and the future. What awaits us in Heaven? What awaits those who leave this world without accepting Christ? When will the second coming of our Lord and savior Jesus Christ be? Where will we dwell eternally? What is the New Jerusalem? Where is it located? These and other questions will be answered.<br \/>\nThis little book will help you in your walk with God. It is full of promises for believers that will fill them with hope. This little book will fill your soul, elevate your spirit, and fill you with enthusiasm to continue serving God.<\/p>\n<p>Pastor Pablo A. Lopez<br \/>\nPrince of Peace Church<br \/>\nKissimmee, Florida<\/p>\n<p>&nbsp;<\/p>\n<p>La Rev. Carmencita Vale es una ministra de Dios con vasta experiencia en misiones especialmente a las prisiones donde Dios la llamo. Ella ha viajado por diferente partes del mundo predicando el evangelio a todos as\u00ed cumpliendo con la misi\u00f3n que Jesucristo nos dijo \u201cId y predicad el evangelio a toda criatura\u201d (Marcos 16:15NIV).<br \/>\nEste libro que est\u00e1s a punto de leer ser\u00e1 de mucha bendici\u00f3n para tu vida. Este libro contesta algunas de tus preguntas sobre el cielo, el infierno, y el futuro. \u00bfQu\u00e9 nos espera en el cielo? \u00bfQu\u00e9 le espera a aquellos que parten de este mundo sin aceptar a Cristo? \u00bfCu\u00e1ndo ser\u00e1 la segunda venida de nuestro Se\u00f1or y salvador Jesucristo? \u00bfD\u00f3nde moraremos eternamente? \u00bfQu\u00e9 es la Nueva Jerusal\u00e9n? \u00bfD\u00f3nde se encuentra? Estas y otras preguntas m\u00e1s ser\u00e1n contestadas.<br \/>\nEste librito le ayudar\u00e1 en su caminar con Dios. El mismo est\u00e1 lleno de promesas para el creyente por el que le llenar\u00e1 de esperanza. Este peque\u00f1o libro llenar\u00e1 el alma, elevar\u00e1 su esp\u00edritu y le colmar\u00e1 de entusiasmo para as\u00ed continuar sirviendo a Dios.<\/p>\n<p>Pastor Pablo A. Lopez<br \/>\nPr\u00ednce of Peace Church<br \/>\nKissimmee, Florida<\/p>\n<p>&nbsp;<\/p>\n","protected":false},"featured_media":9199,"comment_status":"open","ping_status":"closed","template":"","meta":{"_mi_skip_tracking":false,"_exactmetrics_sitenote_active":false,"_exactmetrics_sitenote_note":"","_exactmetrics_sitenote_category":0},"product_cat":[140],"product_tag":[447,450,449,453,452,356,448,228,446,372,235,445,451],"yoast_head":"<!-- This site is optimized with the Yoast SEO plugin v20.6 - https:\/\/yoast.com\/wordpress\/plugins\/seo\/ -->\n<title>Lamb&#039;s Book of Life\/El Libro de la Vida del Cordero - Legacy Book Publishing<\/title>\n<meta name=\"robots\" content=\"index, follow, max-snippet:-1, max-image-preview:large, max-video-preview:-1\" \/>\n<link rel=\"canonical\" href=\"https:\/\/www.legacybookpublishing.com\/prime\/product\/lambs-book-life-el-libro-de-la-vida-del-cordero\/\" \/>\n<script type=\"application\/ld+json\" class=\"yoast-schema-graph\">{\"@context\":\"https:\/\/schema.org\",\"@graph\":[{\"@type\":\"WebPage\",\"@id\":\"https:\/\/www.legacybookpublishing.com\/prime\/product\/lambs-book-life-el-libro-de-la-vida-del-cordero\/\",\"url\":\"https:\/\/www.legacybookpublishing.com\/prime\/product\/lambs-book-life-el-libro-de-la-vida-del-cordero\/\",\"name\":\"Lamb's Book of Life\/El Libro de la Vida del Cordero - Legacy Book Publishing\",\"isPartOf\":{\"@id\":\"https:\/\/www.legacybookpublishing.com\/prime\/#website\"},\"datePublished\":\"2019-07-18T17:31:46+00:00\",\"dateModified\":\"2024-12-03T10:23:57+00:00\",\"breadcrumb\":{\"@id\":\"https:\/\/www.legacybookpublishing.com\/prime\/product\/lambs-book-life-el-libro-de-la-vida-del-cordero\/#breadcrumb\"},\"inLanguage\":\"en-US\",\"potentialAction\":[{\"@type\":\"ReadAction\",\"target\":[\"https:\/\/www.legacybookpublishing.com\/prime\/product\/lambs-book-life-el-libro-de-la-vida-del-cordero\/\"]}]},{\"@type\":\"BreadcrumbList\",\"@id\":\"https:\/\/www.legacybookpublishing.com\/prime\/product\/lambs-book-life-el-libro-de-la-vida-del-cordero\/#breadcrumb\",\"itemListElement\":[{\"@type\":\"ListItem\",\"position\":1,\"name\":\"Home\",\"item\":\"https:\/\/www.legacybookpublishing.com\/prime\/\"},{\"@type\":\"ListItem\",\"position\":2,\"name\":\"Shop\",\"item\":\"https:\/\/www.legacybookpublishing.com\/prime\/shop\/\"},{\"@type\":\"ListItem\",\"position\":3,\"name\":\"Lamb&#8217;s Book of Life\/El Libro de la Vida del Cordero\"}]},{\"@type\":\"WebSite\",\"@id\":\"https:\/\/www.legacybookpublishing.com\/prime\/#website\",\"url\":\"https:\/\/www.legacybookpublishing.com\/prime\/\",\"name\":\"Legacy Book Publishing\",\"description\":\"\",\"potentialAction\":[{\"@type\":\"SearchAction\",\"target\":{\"@type\":\"EntryPoint\",\"urlTemplate\":\"https:\/\/www.legacybookpublishing.com\/prime\/?s={search_term_string}\"},\"query-input\":\"required name=search_term_string\"}],\"inLanguage\":\"en-US\"}]}<\/script>\n<!-- \/ Yoast SEO plugin. -->","yoast_head_json":{"title":"Lamb's Book of Life\/El Libro de la Vida del Cordero - Legacy Book Publishing","robots":{"index":"index","follow":"follow","max-snippet":"max-snippet:-1","max-image-preview":"max-image-preview:large","max-video-preview":"max-video-preview:-1"},"canonical":"https:\/\/www.legacybookpublishing.com\/prime\/product\/lambs-book-life-el-libro-de-la-vida-del-cordero\/","schema":{"@context":"https:\/\/schema.org","@graph":[{"@type":"WebPage","@id":"https:\/\/www.legacybookpublishing.com\/prime\/product\/lambs-book-life-el-libro-de-la-vida-del-cordero\/","url":"https:\/\/www.legacybookpublishing.com\/prime\/product\/lambs-book-life-el-libro-de-la-vida-del-cordero\/","name":"Lamb's Book of Life\/El Libro de la Vida del Cordero - Legacy Book Publishing","isPartOf":{"@id":"https:\/\/www.legacybookpublishing.com\/prime\/#website"},"datePublished":"2019-07-18T17:31:46+00:00","dateModified":"2024-12-03T10:23:57+00:00","breadcrumb":{"@id":"https:\/\/www.legacybookpublishing.com\/prime\/product\/lambs-book-life-el-libro-de-la-vida-del-cordero\/#breadcrumb"},"inLanguage":"en-US","potentialAction":[{"@type":"ReadAction","target":["https:\/\/www.legacybookpublishing.com\/prime\/product\/lambs-book-life-el-libro-de-la-vida-del-cordero\/"]}]},{"@type":"BreadcrumbList","@id":"https:\/\/www.legacybookpublishing.com\/prime\/product\/lambs-book-life-el-libro-de-la-vida-del-cordero\/#breadcrumb","itemListElement":[{"@type":"ListItem","position":1,"name":"Home","item":"https:\/\/www.legacybookpublishing.com\/prime\/"},{"@type":"ListItem","position":2,"name":"Shop","item":"https:\/\/www.legacybookpublishing.com\/prime\/shop\/"},{"@type":"ListItem","position":3,"name":"Lamb&#8217;s Book of Life\/El Libro de la Vida del Cordero"}]},{"@type":"WebSite","@id":"https:\/\/www.legacybookpublishing.com\/prime\/#website","url":"https:\/\/www.legacybookpublishing.com\/prime\/","name":"Legacy Book Publishing","description":"","potentialAction":[{"@type":"SearchAction","target":{"@type":"EntryPoint","urlTemplate":"https:\/\/www.legacybookpublishing.com\/prime\/?s={search_term_string}"},"query-input":"required name=search_term_string"}],"inLanguage":"en-US"}]}},"_links":{"self":[{"href":"https:\/\/www.legacybookpublishing.com\/prime\/wp-json\/wp\/v3\/product\/4252"}],"collection":[{"href":"https:\/\/www.legacybookpublishing.com\/prime\/wp-json\/wp\/v3\/product"}],"about":[{"href":"https:\/\/www.legacybookpublishing.com\/prime\/wp-json\/wp\/v2\/types\/product"}],"replies":[{"embeddable":true,"href":"https:\/\/www.legacybookpublishing.com\/prime\/wp-json\/wp\/v2\/comments?post=4252"}],"wp:featuredmedia":[{"embeddable":true,"href":"https:\/\/www.legacybookpublishing.com\/prime\/wp-json\/wp\/v2\/media\/9199"}],"wp:attachment":[{"href":"https:\/\/www.legacybookpublishing.com\/prime\/wp-json\/wp\/v2\/media?parent=4252"}],"wp:term":[{"taxonomy":"product_cat","embeddable":true,"href":"https:\/\/www.legacybookpublishing.com\/prime\/wp-json\/wp\/v2\/product_cat?post=4252"},{"taxonomy":"product_tag","embeddable":true,"href":"https:\/\/www.legacybookpublishing.com\/prime\/wp-json\/wp\/v2\/product_tag?post=4252"}],"curies":[{"name":"wp","href":"https:\/\/api.w.org\/{rel}","templated":true}]}}